{"id":941,"date":"2025-02-14T13:31:44","date_gmt":"2025-02-14T13:31:44","guid":{"rendered":"https:\/\/mrbanana.pax5.eu\/z040-quertum\/?page_id=941"},"modified":"2025-05-19T13:03:19","modified_gmt":"2025-05-19T13:03:19","slug":"opracowanie-rozwiazania-cx-dostosowanego-do-potrzeb","status":"publish","type":"page","link":"https:\/\/quertum.net\/pl\/opracowanie-rozwiazania-cx-dostosowanego-do-potrzeb\/","title":{"rendered":"Tworzenie spersonalizowanych rozwi\u0105za\u0144 CX (PaaS i SaaS)"},"content":{"rendered":"<h1><strong>Tworzenie spersonalizowanych rozwi\u0105za\u0144 CCM oraz CX (PaaS i SaaS)<\/strong><\/h1>\n<div>\n<p>Spersonalizowane rozwi\u0105zania CCM i CX dopasowane do wyj\u0105tkowo\u015bci Twojego biznesu\n\u0141\u0105czymy nowoczesne technologie - w tym Quadient Inspire, .NET, Java, React i inne - z wiedz\u0105 bran\u017cow\u0105, tworz\u0105c rozwi\u0105zania, kt\u00f3re rozwijaj\u0105 si\u0119 wraz z potrzebami Twojej firmy i zapewniaj\u0105 wyj\u0105tkowe do\u015bwiadczenia Twoim klientom.<\/p>\n<\/div>\n<p><p>\n        <a href=\"\/z040-quertum\/contact\/\">Um\u00f3w rozmow\u0119<\/a>\n    <\/p>\n<\/p>\n<p><img decoding=\"async\" src=\"\/z040-quertum\/wp-content\/uploads\/2025\/02\/Tailorec-CX-Icon.png\" alt=\"\"><\/p>\n<h2>Budujemy rozwi\u0105zania od razu zgodne z Twoimi potrzebami. Tw\u00f3j system, Twoje zasady<\/h2>\n<div>\n<p>W dzisiejszym cyfrowym \u015bwiecie ka\u017cda interakcja z klientem to szansa na budowanie lojalno\u015bci i wzrost przychod\u00f3w. Nasze spersonalizowane podej\u015bcie do CX i CCM zapewnia, \u017ce Twoje komunikaty s\u0105 nie tylko efektywne i bezpieczne, ale tak\u017ce dopasowane do unikalnych potrzeb Twojej firmy i klient\u00f3w. <strong>Rozwi\u0105zania CX i CCM powinny by\u0107 przejrzyste dla Twojego zespo\u0142u, aby maksymalnie wykorzysta\u0107 jego potencja\u0142.<\/strong><\/p>\n<\/div>\n<ul>\n<li>\n<h3>Zaawansowana efektywno\u015b\u0107 kosztowa<\/h3>\n<\/li>\n<li>\n<h3>Wsparcie w zakresie zgodno\u015bci z RODO <\/h3>\n<\/li>\n<li>\n<h3>Optymalizacja proces\u00f3w<\/h3>\n<\/li>\n<\/ul>\n<div>\n<p><span style=\"font-weight: 400;\">Od ponad 20 lat zesp\u00f3\u0142 Quertum tworzy rozwi\u0105zania, kt\u00f3re nie tylko odpowiadaj\u0105 wsp\u00f3\u0142czesnym potrzebom biznesowym, lecz tak\u017ce przewy\u017cszaj\u0105 oczekiwania i zapewniaj\u0105 bezpieczne, przysz\u0142o\u015bciowe zarz\u0105dzanie danymi.<\/span><\/p>\n<p><span style=\"font-weight: 400;\">Ponad 100 klient\u00f3w z <\/span><b>bran\u017c ubezpieczeniowej, finansowej, produkcyjnej, energetycznej, edukacyjnej i telekomunikacyjnej<\/b><span style=\"font-weight: 400;\"> korzysta ju\u017c z naszych przejrzystych, stabilnych, skalowalnych i niezawodnych rozwi\u0105za\u0144 w zakresie zarz\u0105dzania komunikacj\u0105 z klientem.<\/span><\/p>\n<\/div>\n<p><img decoding=\"async\" src=\"\/z040-quertum\/wp-content\/uploads\/2025\/01\/Quadient-Standard-Integration-Step-5.jpg\" alt=\"\"><\/p>\n<div>Skontaktuj si\u0119 z nami ju\u017c dzi\u015b i zacznij drog\u0119 do wi\u0119kszej efektywno\u015bci i wzrostu.<\/div>\n<h2>Zarezerwuj kr\u00f3tk\u0105 konsultacj\u0119 z naszym ekspertem i poznaj rozwi\u0105zania idealnie dostosowane do Twojej firmy.<\/h2>\n<div>\n<p>To krok, kt\u00f3ry umo\u017cliwia maksymalne wykorzystanie potencja\u0142u strategii kosztowych, dynamiczne skalowanie dzia\u0142alno\u015bci oraz utrzymanie najwy\u017cszych standard\u00f3w zgodno\u015bci i dost\u0119pno\u015bci.<\/p>\n<\/div>\n<p><p>\n        <a href=\"\/z040-quertum\/contact\/\">Um\u00f3w rozmow\u0119<\/a>\n    <\/p>\n<\/p>\n<p><!--more--><br \/>\n<!-- {\"type\":\"layout\",\"children\":[{\"type\":\"section\",\"props\":{\"class\":\"dj-hero-section dj-section-background\",\"height\":\"pixels\",\"height_viewport\":650,\"image\":\"wp-content\\\/uploads\\\/2025\\\/01\\\/background-lines-2.png\",\"image_position\":\"center-center\",\"image_size\":\"cover\",\"style\":\"secondary\",\"title_breakpoint\":\"xl\",\"title_position\":\"top-left\",\"title_rotation\":\"left\",\"vertical_align\":\"middle\",\"width\":\"default\"},\"children\":[{\"type\":\"row\",\"props\":{\"column_gap\":\"small\",\"layout\":\"1-2,1-2\"},\"children\":[{\"type\":\"column\",\"props\":{\"image_position\":\"center-center\",\"position_sticky_breakpoint\":\"m\",\"vertical_align\":\"middle\",\"width_medium\":\"1-2\"},\"children\":[{\"type\":\"headline\",\"props\":{\"content\":\"<strong>Tailored CCM and CX solution development, which meets your business uniqueness<\\\/strong>\",\"title_color\":\"primary\",\"title_element\":\"h1\"}},{\"type\":\"text\",\"props\":{\"column_breakpoint\":\"m\",\"content\":\"\n\n<p>We combine cutting-edge technologies\\u2014including Quadient Inspire, .NET, Java, React, and more\\u2014with deep industry expertise to build solutions that evolve with your business needs and delight your customers.<\\\/p>\",\"margin\":\"medium\"}},{\"type\":\"button\",\"props\":{\"grid_column_gap\":\"\",\"grid_row_gap\":\"small\",\"margin\":\"default\"},\"children\":[{\"type\":\"button_item\",\"props\":{\"button_style\":\"primary\",\"content\":\"Talk with Expert\",\"dialog_layout\":\"modal\",\"dialog_offcanvas_flip\":true,\"icon_align\":\"left\",\"link\":\"contact\\\/\"}}]}]},{\"type\":\"column\",\"props\":{\"image_position\":\"center-center\",\"position_sticky_breakpoint\":\"m\",\"vertical_align\":\"middle\",\"width_medium\":\"1-2\"},\"children\":[{\"type\":\"image\",\"props\":{\"image\":\"wp-content\\\/uploads\\\/2025\\\/02\\\/Tailorec-CX-Icon.png\",\"image_svg_color\":\"emphasis\",\"image_width\":350,\"margin\":\"default\",\"text_align\":\"center\"}}]}]}],\"name\":\"Hero Default\"},{\"type\":\"section\",\"props\":{\"image_position\":\"center-center\",\"padding\":\"large\",\"style\":\"default\",\"title_breakpoint\":\"xl\",\"title_position\":\"top-left\",\"title_rotation\":\"left\",\"vertical_align\":\"middle\",\"width\":\"default\"},\"children\":[{\"type\":\"row\",\"children\":[{\"type\":\"column\",\"props\":{\"image_position\":\"center-center\",\"position_sticky_breakpoint\":\"m\"},\"children\":[{\"type\":\"headline\",\"props\":{\"block_align\":\"center\",\"content\":\"We create solutions which does not require rework or corrections. Your system with your rules.\",\"maxwidth\":\"2xlarge\",\"text_align\":\"center\",\"title_color\":\"emphasis\",\"title_element\":\"h2\"}},{\"type\":\"text\",\"props\":{\"block_align\":\"center\",\"column_breakpoint\":\"m\",\"content\":\"\n\n<p>In today\\u2019s digital landscape, every customer interaction is an opportunity to build loyalty and drive revenue. Our tailored approach to CX and CCM ensures your communications are not only efficient and secure but are also designed to meet the unique demands of your business and customers. <strong>CX and CCM solution should be clear to your team to bring the maximum from your team's potential.<\\\/strong><\\\/p>\",\"margin\":\"default\",\"maxwidth\":\"2xlarge\",\"text_align\":\"center\"}},{\"type\":\"grid\",\"props\":{\"content_column_breakpoint\":\"m\",\"content_margin\":\"small\",\"filter_align\":\"left\",\"filter_all\":true,\"filter_grid_breakpoint\":\"m\",\"filter_grid_width\":\"auto\",\"filter_position\":\"top\",\"filter_style\":\"tab\",\"grid_column_gap\":\"medium\",\"grid_default\":\"1\",\"grid_medium\":\"3\",\"grid_row_gap\":\"medium\",\"grid_small\":\"2\",\"icon_width\":80,\"image_align\":\"top\",\"image_grid_breakpoint\":\"m\",\"image_grid_width\":\"1-2\",\"image_svg_color\":\"emphasis\",\"item_animation\":true,\"lightbox_bg_close\":true,\"link_style\":\"default\",\"link_text\":\"Read more\",\"margin\":\"medium\",\"meta_align\":\"below-title\",\"meta_element\":\"div\",\"meta_style\":\"text-meta\",\"panel_padding\":\"small\",\"panel_style\":\"card-default\",\"show_content\":true,\"show_hover_image\":true,\"show_hover_video\":true,\"show_image\":true,\"show_link\":true,\"show_meta\":true,\"show_title\":true,\"show_video\":true,\"text_align\":\"center\",\"title_align\":\"top\",\"title_element\":\"h3\",\"title_grid_breakpoint\":\"m\",\"title_grid_width\":\"1-2\",\"title_hover_style\":\"reset\",\"title_style\":\"h4\"},\"children\":[{\"type\":\"grid_item\",\"props\":{\"title\":\"Advanced Cost Efficiency\"}},{\"type\":\"grid_item\",\"props\":{\"title\":\"Support for your GDPR compliance \"}},{\"type\":\"grid_item\",\"props\":{\"title\":\"Streamlines Processes\"}}]}]}]}],\"name\":\"Service overview\"},{\"type\":\"section\",\"props\":{\"image_position\":\"center-center\",\"padding_remove_top\":true,\"style\":\"default\",\"title_breakpoint\":\"xl\",\"title_position\":\"top-left\",\"title_rotation\":\"left\",\"vertical_align\":\"middle\",\"width\":\"default\"},\"children\":[{\"type\":\"row\",\"props\":{\"layout\":\"1-2,1-2\",\"margin_remove_top\":true},\"children\":[{\"type\":\"column\",\"props\":{\"image_position\":\"center-center\",\"padding\":\"large\",\"position_sticky_breakpoint\":\"m\",\"width_medium\":\"1-2\"},\"children\":[{\"type\":\"text\",\"props\":{\"column_breakpoint\":\"m\",\"content\":\"\n\n<p><span style=\\\"font-weight: 400;\\\">For more than 20 years, the Quertum team has been creating solutions that not only meet modern business needs but also exceed expectations and ensure future-proof data management.<\\\/span><\\\/p>\\n\n\n<p><span style=\\\"font-weight: 400;\\\">Over 100 clients from <\\\/span><b>insurance, financial, manufacturing, utilities, education, and telecom industries<\\\/b><span style=\\\"font-weight: 400;\\\"> already benefit from our\\u00a0 straightforward, predictable, scalable, and reliable customer communication management solutions.<\\\/span><\\\/p>\",\"margin\":\"default\"}}]},{\"type\":\"column\",\"props\":{\"image_position\":\"center-center\",\"position_sticky_breakpoint\":\"m\",\"width_medium\":\"1-2\"},\"children\":[{\"type\":\"image\",\"props\":{\"class\":\"rounded-images\",\"image\":\"wp-content\\\/uploads\\\/2025\\\/01\\\/Quadient-Standard-Integration-Step-5.jpg\",\"image_svg_color\":\"emphasis\",\"margin\":\"default\"}}]}]}],\"name\":\"Why Quertum\"},{\"type\":\"section\",\"props\":{\"image_position\":\"center-center\",\"padding_remove_top\":true,\"style\":\"default\",\"title_breakpoint\":\"xl\",\"title_position\":\"top-left\",\"title_rotation\":\"left\",\"vertical_align\":\"middle\",\"width\":\"default\"},\"children\":[{\"type\":\"row\",\"children\":[{\"type\":\"column\",\"props\":{\"image_position\":\"center-center\",\"padding\":\"large\",\"position_sticky_breakpoint\":\"m\",\"style\":\"card-secondary\"},\"children\":[{\"type\":\"headline\",\"props\":{\"content\":\"REACH OUT TODAY AND START YOUR JOURNEY TO GREATER EFFICIENCY AND GROWTH.\",\"title_decoration\":\"bullet\",\"title_element\":\"div\",\"title_style\":\"heading-small\"}},{\"type\":\"headline\",\"props\":{\"content\":\"Book a short call with our expert and benefit from truly tailored solution development\",\"margin_remove_top\":true,\"maxwidth\":\"2xlarge\",\"title_color\":\"secondary\",\"title_element\":\"h2\"}},{\"type\":\"text\",\"props\":{\"column_breakpoint\":\"m\",\"content\":\"\n\n<p>This investment brings the maximum from cost effective strategies and accelerates scalability, while staying compliant and accessible.<\\\/p>\",\"margin\":\"default\",\"maxwidth\":\"xlarge\"}},{\"type\":\"button\",\"props\":{\"grid_column_gap\":\"small\",\"grid_row_gap\":\"small\",\"margin\":\"medium\"},\"children\":[{\"type\":\"button_item\",\"props\":{\"button_style\":\"primary\",\"content\":\"Talk with Expert\",\"dialog_layout\":\"modal\",\"dialog_offcanvas_flip\":true,\"icon\":\"arrow-top-right\",\"icon_align\":\"right\",\"link\":\"contact\\\/\"}}]}]}]}],\"name\":\"CTA\"}],\"version\":\"4.5.5\"} --><\/p>","protected":false},"excerpt":{"rendered":"<p>Dostosowane do potrzeb rozwi\u0105zania CCM i CX, kt\u00f3re spe\u0142niaj\u0105 wymagania Twojej firmy \u0141\u0105czymy najnowocze\u015bniejsze technologie - w tym Quadient Inspire, .NET, Java, React i inne - z dog\u0142\u0119bn\u0105 wiedz\u0105 bran\u017cow\u0105, aby tworzy\u0107 rozwi\u0105zania, kt\u00f3re ewoluuj\u0105 wraz z potrzebami biznesowymi i zachwycaj\u0105 klient\u00f3w. Rozmowa z ekspertem Tworzymy rozwi\u0105zania, kt\u00f3re nie wymagaj\u0105 przer\u00f3bek ani poprawek. Tw\u00f3j system z [...]<\/p>","protected":false},"author":1,"featured_media":0,"parent":0,"menu_order":0,"comment_status":"closed","ping_status":"closed","template":"","meta":{"_acf_changed":false,"content-type":"","footnotes":""},"stage":[],"class_list":["post-941","page","type-page","status-publish","hentry"],"acf":[],"yoast_head":"<!-- This site is optimized with the Yoast SEO plugin v27.4 - https:\/\/yoast.com\/product\/yoast-seo-wordpress\/ -->\n<title>Tailored CX Solution Development - Quertum<\/title>\n<meta name=\"description\" content=\"Build custom CX solutions with Quadient. From concept to deployment, we design customer journeys that drive loyalty, efficiency, and compliance.\" \/>\n<meta name=\"robots\" content=\"index, follow, max-snippet:-1, max-image-preview:large, max-video-preview:-1\" \/>\n<link rel=\"canonical\" href=\"https:\/\/quertum.net\/pl\/opracowanie-rozwiazania-cx-dostosowanego-do-potrzeb\/\" \/>\n<meta property=\"og:locale\" content=\"pl_PL\" \/>\n<meta property=\"og:type\" content=\"article\" \/>\n<meta property=\"og:title\" content=\"Tailored CX Solution Development - Quertum\" \/>\n<meta property=\"og:description\" content=\"Build custom CX solutions with Quadient. From concept to deployment, we design customer journeys that drive loyalty, efficiency, and compliance.\" \/>\n<meta property=\"og:url\" content=\"https:\/\/quertum.net\/pl\/opracowanie-rozwiazania-cx-dostosowanego-do-potrzeb\/\" \/>\n<meta property=\"og:site_name\" content=\"Quertum\" \/>\n<meta property=\"article:modified_time\" content=\"2025-05-19T13:03:19+00:00\" \/>\n<meta property=\"og:image\" content=\"https:\/\/quertum.net\/wp-content\/uploads\/2025\/01\/cropped-q-favicon.png\" \/>\n\t<meta property=\"og:image:width\" content=\"512\" \/>\n\t<meta property=\"og:image:height\" content=\"512\" \/>\n\t<meta property=\"og:image:type\" content=\"image\/png\" \/>\n<meta name=\"twitter:card\" content=\"summary_large_image\" \/>\n<meta name=\"twitter:label1\" content=\"Szacowany czas czytania\" \/>\n\t<meta name=\"twitter:data1\" content=\"2 minuty\" \/>\n<script type=\"application\/ld+json\" class=\"yoast-schema-graph\">{\"@context\":\"https:\\\/\\\/schema.org\",\"@graph\":[{\"@type\":\"WebPage\",\"@id\":\"https:\\\/\\\/quertum.net\\\/tailored-cx-solution-development\\\/\",\"url\":\"https:\\\/\\\/quertum.net\\\/tailored-cx-solution-development\\\/\",\"name\":\"Tailored CX Solution Development - Quertum\",\"isPartOf\":{\"@id\":\"https:\\\/\\\/quertum.net\\\/#website\"},\"datePublished\":\"2025-02-14T13:31:44+00:00\",\"dateModified\":\"2025-05-19T13:03:19+00:00\",\"description\":\"Build custom CX solutions with Quadient. From concept to deployment, we design customer journeys that drive loyalty, efficiency, and compliance.\",\"breadcrumb\":{\"@id\":\"https:\\\/\\\/quertum.net\\\/tailored-cx-solution-development\\\/#breadcrumb\"},\"inLanguage\":\"pl-PL\",\"potentialAction\":[{\"@type\":\"ReadAction\",\"target\":[\"https:\\\/\\\/quertum.net\\\/tailored-cx-solution-development\\\/\"]}]},{\"@type\":\"BreadcrumbList\",\"@id\":\"https:\\\/\\\/quertum.net\\\/tailored-cx-solution-development\\\/#breadcrumb\",\"itemListElement\":[{\"@type\":\"ListItem\",\"position\":1,\"name\":\"Home\",\"item\":\"https:\\\/\\\/quertum.net\\\/\"},{\"@type\":\"ListItem\",\"position\":2,\"name\":\"Tailored CX Solution Development\"}]},{\"@type\":\"WebSite\",\"@id\":\"https:\\\/\\\/quertum.net\\\/#website\",\"url\":\"https:\\\/\\\/quertum.net\\\/\",\"name\":\"Quertum | Clear Customer Communication Management\",\"description\":\"\",\"publisher\":{\"@id\":\"https:\\\/\\\/quertum.net\\\/#organization\"},\"alternateName\":\"Quertum Digital Transformation\",\"potentialAction\":[{\"@type\":\"SearchAction\",\"target\":{\"@type\":\"EntryPoint\",\"urlTemplate\":\"https:\\\/\\\/quertum.net\\\/?s={search_term_string}\"},\"query-input\":{\"@type\":\"PropertyValueSpecification\",\"valueRequired\":true,\"valueName\":\"search_term_string\"}}],\"inLanguage\":\"pl-PL\"},{\"@type\":\"Organization\",\"@id\":\"https:\\\/\\\/quertum.net\\\/#organization\",\"name\":\"Quertum\",\"url\":\"https:\\\/\\\/quertum.net\\\/\",\"logo\":{\"@type\":\"ImageObject\",\"inLanguage\":\"pl-PL\",\"@id\":\"https:\\\/\\\/quertum.net\\\/#\\\/schema\\\/logo\\\/image\\\/\",\"url\":\"https:\\\/\\\/quertum.net\\\/wp-content\\\/uploads\\\/2025\\\/01\\\/cropped-q-favicon.png\",\"contentUrl\":\"https:\\\/\\\/quertum.net\\\/wp-content\\\/uploads\\\/2025\\\/01\\\/cropped-q-favicon.png\",\"width\":512,\"height\":512,\"caption\":\"Quertum\"},\"image\":{\"@id\":\"https:\\\/\\\/quertum.net\\\/#\\\/schema\\\/logo\\\/image\\\/\"},\"sameAs\":[\"https:\\\/\\\/www.linkedin.com\\\/company\\\/quertum\"]}]}<\/script>\n<!-- \/ Yoast SEO plugin. -->","yoast_head_json":{"title":"Rozw\u00f3j rozwi\u0105za\u0144 CX szytych na miar\u0119 - Quertum","description":"Tw\u00f3rz niestandardowe rozwi\u0105zania CX z Quadient. Od koncepcji do wdro\u017cenia, projektujemy podr\u00f3\u017ce klient\u00f3w, kt\u00f3re zwi\u0119kszaj\u0105 lojalno\u015b\u0107, wydajno\u015b\u0107 i zgodno\u015b\u0107 z przepisami.","robots":{"index":"index","follow":"follow","max-snippet":"max-snippet:-1","max-image-preview":"max-image-preview:large","max-video-preview":"max-video-preview:-1"},"canonical":"https:\/\/quertum.net\/pl\/opracowanie-rozwiazania-cx-dostosowanego-do-potrzeb\/","og_locale":"pl_PL","og_type":"article","og_title":"Tailored CX Solution Development - Quertum","og_description":"Build custom CX solutions with Quadient. From concept to deployment, we design customer journeys that drive loyalty, efficiency, and compliance.","og_url":"https:\/\/quertum.net\/pl\/opracowanie-rozwiazania-cx-dostosowanego-do-potrzeb\/","og_site_name":"Quertum","article_modified_time":"2025-05-19T13:03:19+00:00","og_image":[{"width":512,"height":512,"url":"https:\/\/quertum.net\/wp-content\/uploads\/2025\/01\/cropped-q-favicon.png","type":"image\/png"}],"twitter_card":"summary_large_image","twitter_misc":{"Szacowany czas czytania":"2 minuty"},"schema":{"@context":"https:\/\/schema.org","@graph":[{"@type":"WebPage","@id":"https:\/\/quertum.net\/tailored-cx-solution-development\/","url":"https:\/\/quertum.net\/tailored-cx-solution-development\/","name":"Rozw\u00f3j rozwi\u0105za\u0144 CX szytych na miar\u0119 - Quertum","isPartOf":{"@id":"https:\/\/quertum.net\/#website"},"datePublished":"2025-02-14T13:31:44+00:00","dateModified":"2025-05-19T13:03:19+00:00","description":"Tw\u00f3rz niestandardowe rozwi\u0105zania CX z Quadient. Od koncepcji do wdro\u017cenia, projektujemy podr\u00f3\u017ce klient\u00f3w, kt\u00f3re zwi\u0119kszaj\u0105 lojalno\u015b\u0107, wydajno\u015b\u0107 i zgodno\u015b\u0107 z przepisami.","breadcrumb":{"@id":"https:\/\/quertum.net\/tailored-cx-solution-development\/#breadcrumb"},"inLanguage":"pl-PL","potentialAction":[{"@type":"ReadAction","target":["https:\/\/quertum.net\/tailored-cx-solution-development\/"]}]},{"@type":"BreadcrumbList","@id":"https:\/\/quertum.net\/tailored-cx-solution-development\/#breadcrumb","itemListElement":[{"@type":"ListItem","position":1,"name":"Home","item":"https:\/\/quertum.net\/"},{"@type":"ListItem","position":2,"name":"Tailored CX Solution Development"}]},{"@type":"WebSite","@id":"https:\/\/quertum.net\/#website","url":"https:\/\/quertum.net\/","name":"Quertum | Przejrzyste zarz\u0105dzanie komunikacj\u0105 z klientem","description":"","publisher":{"@id":"https:\/\/quertum.net\/#organization"},"alternateName":"Quertum Digital Transformation","potentialAction":[{"@type":"SearchAction","target":{"@type":"EntryPoint","urlTemplate":"https:\/\/quertum.net\/?s={search_term_string}"},"query-input":{"@type":"PropertyValueSpecification","valueRequired":true,"valueName":"search_term_string"}}],"inLanguage":"pl-PL"},{"@type":"Organization","@id":"https:\/\/quertum.net\/#organization","name":"Quertum","url":"https:\/\/quertum.net\/","logo":{"@type":"ImageObject","inLanguage":"pl-PL","@id":"https:\/\/quertum.net\/#\/schema\/logo\/image\/","url":"https:\/\/quertum.net\/wp-content\/uploads\/2025\/01\/cropped-q-favicon.png","contentUrl":"https:\/\/quertum.net\/wp-content\/uploads\/2025\/01\/cropped-q-favicon.png","width":512,"height":512,"caption":"Quertum"},"image":{"@id":"https:\/\/quertum.net\/#\/schema\/logo\/image\/"},"sameAs":["https:\/\/www.linkedin.com\/company\/quertum"]}]}},"_links":{"self":[{"href":"https:\/\/quertum.net\/pl\/wp-json\/wp\/v2\/pages\/941","targetHints":{"allow":["GET"]}}],"collection":[{"href":"https:\/\/quertum.net\/pl\/wp-json\/wp\/v2\/pages"}],"about":[{"href":"https:\/\/quertum.net\/pl\/wp-json\/wp\/v2\/types\/page"}],"author":[{"embeddable":true,"href":"https:\/\/quertum.net\/pl\/wp-json\/wp\/v2\/users\/1"}],"replies":[{"embeddable":true,"href":"https:\/\/quertum.net\/pl\/wp-json\/wp\/v2\/comments?post=941"}],"version-history":[{"count":40,"href":"https:\/\/quertum.net\/pl\/wp-json\/wp\/v2\/pages\/941\/revisions"}],"predecessor-version":[{"id":1270,"href":"https:\/\/quertum.net\/pl\/wp-json\/wp\/v2\/pages\/941\/revisions\/1270"}],"wp:attachment":[{"href":"https:\/\/quertum.net\/pl\/wp-json\/wp\/v2\/media?parent=941"}],"wp:term":[{"taxonomy":"stage","embeddable":true,"href":"https:\/\/quertum.net\/pl\/wp-json\/wp\/v2\/stage?post=941"}],"curies":[{"name":"wp","href":"https:\/\/api.w.org\/{rel}","templated":true}]}}