{"id":782,"date":"2025-02-14T11:02:33","date_gmt":"2025-02-14T11:02:33","guid":{"rendered":"https:\/\/mrbanana.pax5.eu\/z040-quertum\/?page_id=782"},"modified":"2025-10-20T10:19:02","modified_gmt":"2025-10-20T10:19:02","slug":"qmail-poczta-hybrydowa","status":"publish","type":"page","link":"https:\/\/quertum.net\/pl\/qmail-poczta-hybrydowa\/","title":{"rendered":"Poczta hybrydowa Qmail"},"content":{"rendered":"<h1>Upro\u015b\u0107 komunikacj\u0119 biznesow\u0105 z Qmail Hybrid Mail<\/h1>\n<div>\n<p>Bezproblemowo po\u0142\u0105cz korespondencj\u0119 fizyczn\u0105 i cyfrow\u0105, aby zwi\u0119kszy\u0107 efektywno\u015b\u0107, obni\u017cy\u0107 koszty i poprawi\u0107 zaanga\u017cowanie klient\u00f3w.<\/p>\n<\/div>\n<p><p>\n        <a href=\"\/pl\/kontakt\/\">Um\u00f3w rozmow\u0119<\/a>\n    <\/p>\n<\/p>\n<p><img decoding=\"async\" src=\"\/wp-content\/uploads\/2025\/02\/Qmail-Icon.png\" alt=\"\"><\/p>\n<h2>Czym jest Qmail?<\/h2>\n<div>\n<p><span data-metadata=\"&lt;!--(figmeta)eyJmaWxlS2V5IjoiaTZvd0tYNENnRmFPWlloaGRCYWZ6SCIsInBhc3RlSUQiOjEzNjQyODQ4MzEsImRhdGFUeXBlIjoic2NlbmUifQo=(\/figmeta)--&gt;\"><\/span><strong>Sprytniejszy spos\u00f3b komunikacji \u2013 poczta hybrydowa dla nowoczesnych firm<\/strong><\/p>\n<p>Qmail to oparte na chmurze rozwi\u0105zanie poczty hybrydowej, kt\u00f3re \u0142\u0105czy fizyczn\u0105 i cyfrow\u0105 komunikacj\u0119 w jedn\u0105 usprawnion\u0105 platform\u0119. Zaprojektowany dla firm, kt\u00f3re chc\u0105 zoptymalizowa\u0107 interakcje z klientami, Qmail zapewnia terminowe, bezpieczne i wydajne dostarczanie dokument\u00f3w - zar\u00f3wno za po\u015brednictwem tradycyjnej poczty, jak i powiadomie\u0144 cyfrowych.<\/p>\n<\/div>\n<p><img decoding=\"async\" src=\"\/wp-content\/uploads\/2025\/02\/what-is-qmail-a.jpg\" alt=\"\"><\/p>\n<h2>Korzy\u015bci w profesjonalnym wydaniu<\/h2>\n<ul>\n<li>\n<h3>Efektywno\u015b\u0107 kosztowa<\/h3>\n<div>\n<p>Obni\u017c koszty druku i wysy\u0142ki dzi\u0119ki zautomatyzowanym procesom.<\/p>\n<\/div>\n<\/li>\n<li>\n<h3>P\u0142ynna integracja<\/h3>\n<div>\n<p>Kompatybilno\u015b\u0107 z istniej\u0105cymi systemami, w tym Quadient oraz platformami legacy.<\/p>\n<\/div>\n<\/li>\n<li>\n<h3>Wi\u0119ksza dok\u0142adno\u015b\u0107<\/h3>\n<div>\n<p>Eliminacja b\u0142\u0119d\u00f3w ludzkich dzi\u0119ki automatycznej weryfikacji adres\u00f3w i \u015bledzeniu dokument\u00f3w.<\/p>\n<\/div>\n<\/li>\n<li>\n<h3>Rozwi\u0105zania skalowalne<\/h3>\n<div>\n<p>\u0141atwa adaptacja do rosn\u0105cych potrzeb komunikacyjnych.<\/p>\n<\/div>\n<\/li>\n<li>\n<h3>Bezpieczna komunikacja<\/h3>\n<div>\n<p>Przetwarzanie danych zgodne z RODO zapewnia prywatno\u015b\u0107 i bezpiecze\u0144stwo.<\/p>\n<\/div>\n<\/li>\n<li>\n<h3>Elastyczna dostawa<\/h3>\n<div>\n<p>Wyb\u00f3r pomi\u0119dzy poczt\u0105 tradycyjn\u0105, e-mailem lub powiadomieniami SMS.<\/p>\n<\/div>\n<\/li>\n<\/ul>\n<p><p>\n        <a href=\"\/pl\/kontakt\/\">Porozmawiaj z ekspertem<\/a>\n    <\/p>\n<\/p>\n<h2>Dlaczego warto wybra\u0107 Hybrid Mail z Quertum?<\/h2>\n<ul>\n<li>\n<h3>Sprawdzone do\u015bwiadczenie<\/h3>\n<div>\n<p>Wieloletnie do\u015bwiadczenie w optymalizacji komunikacji z klientami.<\/p>\n<\/div>\n<\/li>\n<li>\n<h3>Zaawansowane \u015bledzenie<\/h3>\n<div>\n<p>Pe\u0142na widoczno\u015b\u0107 statusu i dostawy dokument\u00f3w w czasie rzeczywistym.<\/p>\n<\/div>\n<\/li>\n<li>\n<h3>Personalizacja<\/h3>\n<div>\n<p>Indywidualnie dopasowane procesy do unikalnych potrzeb biznesowych.<\/p>\n<\/div>\n<\/li>\n<li>\n<h3>Niezawodno\u015b\u0107 w chmurze<\/h3>\n<div>\n<p>Hosting w chmurze gwarantuje najwy\u017csz\u0105 wydajno\u015b\u0107 i bezpiecze\u0144stwo.<\/p>\n<\/div>\n<\/li>\n<li>\n<h3>Dedykowane wsparcie<\/h3>\n<div>\n<p>Profesjonalna pomoc dost\u0119pna zawsze, gdy jej potrzebujesz.<\/p>\n<\/div>\n<\/li>\n<li>\n<div>\n<p><strong>Nie jeste\u015b pewien naszego rozwi\u0105zania?<\/strong><\/p>\n<p>Pobierz nasz\u0105 kart\u0119 produktu ze szczeg\u00f3\u0142owym opisem tutaj<\/p>\n<\/div>\n<p><a href=\"#\">Pobierz arkusz danych Qmail<\/a><\/p>\n<\/li>\n<\/ul>\n<div>Skontaktuj si\u0119 z nami ju\u017c dzi\u015b i zacznij drog\u0119 do wi\u0119kszej efektywno\u015bci i wzrostu.<\/div>\n<h2>Rozpocznij prac\u0119 z Qmail ju\u017c dzi\u015b<\/h2>\n<div>\n<p>Przekszta\u0142\u0107 swoj\u0105 strategi\u0119 komunikacji dzi\u0119ki poczcie hybrydowej Qmail.<\/p>\n<p>Do\u0142\u0105cz do firm na ca\u0142ym \u015bwiecie korzystaj\u0105cych z inteligentniejszego i wydajniejszego sposobu obs\u0142ugi komunikacji.<\/p>\n<\/div>\n<p><p>\n        <a href=\"#\">Zacznij ju\u017c dzi\u015b<\/a>\n    <\/p>\n<\/p>\n<p><!--more--><br \/>\n<!-- {\"type\":\"layout\",\"children\":[{\"type\":\"section\",\"props\":{\"class\":\"dj-hero-section dj-section-background\",\"height\":\"pixels\",\"height_viewport\":650,\"image\":\"wp-content\\\/uploads\\\/2025\\\/01\\\/background-lines-2.png\",\"image_position\":\"center-center\",\"image_size\":\"cover\",\"style\":\"secondary\",\"title_breakpoint\":\"xl\",\"title_position\":\"top-left\",\"title_rotation\":\"left\",\"vertical_align\":\"middle\",\"width\":\"default\"},\"children\":[{\"type\":\"row\",\"props\":{\"column_gap\":\"small\",\"layout\":\"1-2,1-2\"},\"children\":[{\"type\":\"column\",\"props\":{\"image_position\":\"center-center\",\"position_sticky_breakpoint\":\"m\",\"vertical_align\":\"middle\",\"width_medium\":\"1-2\"},\"children\":[{\"type\":\"headline\",\"props\":{\"content\":\"Simplify Your Business Communication with Qmail Hybrid Mail\",\"title_color\":\"primary\",\"title_element\":\"h1\"}},{\"type\":\"text\",\"props\":{\"column_breakpoint\":\"m\",\"content\":\"\n\n<p>Seamlessly integrate Physical and Digital Mailing to enhance efficiency, reduce costs and improve customer engagement.<\\\/p>\",\"margin\":\"medium\"}},{\"type\":\"button\",\"props\":{\"grid_column_gap\":\"\",\"grid_row_gap\":\"small\",\"margin\":\"default\"},\"children\":[{\"type\":\"button_item\",\"props\":{\"button_style\":\"primary\",\"content\":\"Talk with Expert\",\"dialog_layout\":\"modal\",\"dialog_offcanvas_flip\":true,\"icon_align\":\"left\",\"link\":\"contact\\\/\"}}]}]},{\"type\":\"column\",\"props\":{\"image_position\":\"center-center\",\"position_sticky_breakpoint\":\"m\",\"vertical_align\":\"middle\",\"width_medium\":\"1-2\"},\"children\":[{\"type\":\"image\",\"props\":{\"image\":\"wp-content\\\/uploads\\\/2025\\\/02\\\/Qmail-Icon.png\",\"image_svg_color\":\"emphasis\",\"image_width\":450,\"margin\":\"default\",\"text_align\":\"center\"}}]}]}],\"name\":\"Hero Default\"},{\"type\":\"section\",\"children\":[{\"type\":\"row\",\"props\":{\"column_gap\":\"large\",\"layout\":\"1-2,1-2\"},\"children\":[{\"type\":\"column\",\"props\":{\"image_position\":\"center-center\",\"position_sticky_breakpoint\":\"m\",\"vertical_align\":\"middle\",\"width_medium\":\"1-2\"},\"children\":[{\"type\":\"headline\",\"props\":{\"content\":\"What is Qmail?\",\"title_color\":\"emphasis\",\"title_element\":\"h2\"}},{\"type\":\"text\",\"props\":{\"column_breakpoint\":\"m\",\"content\":\"\n\n<p><span data-metadata=\\\"&lt;!--(figmeta)eyJmaWxlS2V5IjoiaTZvd0tYNENnRmFPWlloaGRCYWZ6SCIsInBhc3RlSUQiOjEzNjQyODQ4MzEsImRhdGFUeXBlIjoic2NlbmUifQo=(\\\/figmeta)--&gt;\\\"><\\\/span><strong>A Smarter Way to Connect \\u2013 Hybrid Mail for Modern Businesses<\\\/strong><\\\/p>\\n\n\n<p>Qmail is a cloud-based hybrid mail solution that blends physical and digital communication into one streamlined platform. Designed for businesses looking to optimise customer interactions, Qmail ensures timely, secure and efficient document delivery \\u2014 whether through traditional post or digital notifications.<\\\/p>\",\"margin\":\"default\"}}]},{\"type\":\"column\",\"props\":{\"image_position\":\"center-center\",\"position_sticky_breakpoint\":\"m\",\"vertical_align\":\"middle\",\"width_medium\":\"1-2\"},\"children\":[{\"type\":\"image\",\"props\":{\"class\":\"rounded-images\",\"image\":\"wp-content\\\/uploads\\\/2025\\\/02\\\/what-is-qmail-a.jpg\",\"image_height\":900,\"image_svg_color\":\"emphasis\",\"image_width\":1200,\"margin\":\"default\",\"text_align\":\"left\",\"text_align_breakpoint\":\"m\",\"text_align_fallback\":\"center\"}}]}]}],\"props\":{\"image_position\":\"center-center\",\"style\":\"default\",\"title_breakpoint\":\"xl\",\"title_position\":\"top-left\",\"title_rotation\":\"left\",\"vertical_align\":\"middle\",\"width\":\"default\"},\"name\":\"What is Qmail\"},{\"type\":\"section\",\"props\":{\"image_position\":\"center-center\",\"style\":\"default\",\"title_breakpoint\":\"xl\",\"title_position\":\"top-left\",\"title_rotation\":\"left\",\"vertical_align\":\"middle\",\"width\":\"default\"},\"children\":[{\"type\":\"row\",\"children\":[{\"type\":\"column\",\"props\":{\"image_position\":\"center-center\",\"position_sticky_breakpoint\":\"m\"},\"children\":[{\"type\":\"headline\",\"props\":{\"content\":\"Benefits with professional taste\",\"text_align\":\"center\",\"title_color\":\"emphasis\",\"title_element\":\"h2\"}},{\"type\":\"grid\",\"props\":{\"content_column_breakpoint\":\"m\",\"content_margin\":\"small\",\"filter_align\":\"left\",\"filter_all\":true,\"filter_grid_breakpoint\":\"m\",\"filter_grid_width\":\"auto\",\"filter_position\":\"top\",\"filter_style\":\"tab\",\"grid_column_gap\":\"medium\",\"grid_default\":\"1\",\"grid_medium\":\"3\",\"grid_row_gap\":\"medium\",\"grid_small\":\"2\",\"icon_width\":80,\"image_align\":\"top\",\"image_grid_breakpoint\":\"m\",\"image_grid_width\":\"1-2\",\"image_svg_color\":\"emphasis\",\"item_animation\":true,\"lightbox_bg_close\":true,\"link_style\":\"default\",\"link_text\":\"Read more\",\"margin\":\"medium\",\"meta_align\":\"below-title\",\"meta_element\":\"div\",\"meta_style\":\"text-meta\",\"panel_padding\":\"small\",\"panel_style\":\"card-default\",\"show_content\":true,\"show_hover_image\":true,\"show_hover_video\":true,\"show_image\":true,\"show_link\":true,\"show_meta\":true,\"show_title\":true,\"show_video\":true,\"title_align\":\"top\",\"title_color\":\"emphasis\",\"title_element\":\"h3\",\"title_grid_breakpoint\":\"m\",\"title_grid_width\":\"1-2\",\"title_hover_style\":\"reset\"},\"children\":[{\"type\":\"grid_item\",\"props\":{\"content\":\"\n\n<p>Reduce printing and mailing costs with automated workflows.<\\\/p>\",\"title\":\"Cost Efficiency\"}},{\"type\":\"grid_item\",\"props\":{\"content\":\"\n\n<p>Compatible with existing systems, including Quadient and legacy platforms.<\\\/p>\",\"title\":\"Seamless Integration\"}},{\"type\":\"grid_item\",\"props\":{\"content\":\"\n\n<p>Eliminate human errors with automated address validation and document tracking.<\\\/p>\",\"title\":\"Improved Accuracy\"}},{\"type\":\"grid_item\",\"props\":{\"content\":\"\n\n<p>Adapt to growing communication needs effortlessly.<\\\/p>\",\"title\":\"Scalable Solutions\"}},{\"type\":\"grid_item\",\"props\":{\"content\":\"\n\n<p>GDPR-compliant data handling ensures privacy and security.<\\\/p>\",\"title\":\"Secure Communication\"}},{\"type\":\"grid_item\",\"props\":{\"content\":\"\n\n<p>Choose between physical mail, email, or SMS notifications.<\\\/p>\",\"title\":\"Flexible Delivery\"}}]},{\"type\":\"button\",\"props\":{\"grid_column_gap\":\"small\",\"grid_row_gap\":\"small\",\"margin\":\"\",\"text_align\":\"center\"},\"children\":[{\"type\":\"button_item\",\"props\":{\"button_style\":\"primary\",\"content\":\"Talk to Expert\",\"dialog_layout\":\"modal\",\"dialog_offcanvas_flip\":true,\"icon\":\"arrow-top-right\",\"icon_align\":\"right\",\"link\":\"contact\\\/\"}}]}]}]}],\"name\":\"Benefits\"},{\"type\":\"section\",\"props\":{\"class\":\"dj-section-background dj-z-index-1\",\"image\":\"wp-content\\\/uploads\\\/2025\\\/01\\\/quertum-shape.png\",\"image_position\":\"center-right\",\"image_size\":\"contain\",\"style\":\"secondary\",\"title_breakpoint\":\"xl\",\"title_position\":\"top-left\",\"title_rotation\":\"left\",\"vertical_align\":\"middle\",\"width\":\"default\"},\"children\":[{\"type\":\"row\",\"children\":[{\"type\":\"column\",\"props\":{\"image_position\":\"center-center\",\"position_sticky_breakpoint\":\"m\"},\"children\":[{\"type\":\"headline\",\"props\":{\"content\":\"Why Choose Hybrid Mail with Quertum?\",\"maxwidth\":\"large\",\"title_color\":\"primary\",\"title_element\":\"h2\"}},{\"type\":\"grid\",\"props\":{\"content_column_breakpoint\":\"m\",\"content_margin\":\"small\",\"filter_align\":\"left\",\"filter_all\":true,\"filter_grid_breakpoint\":\"m\",\"filter_grid_width\":\"auto\",\"filter_position\":\"top\",\"filter_style\":\"tab\",\"grid_column_gap\":\"medium\",\"grid_default\":\"1\",\"grid_medium\":\"3\",\"grid_parallax_justify\":false,\"grid_row_gap\":\"medium\",\"grid_small\":\"2\",\"icon_width\":80,\"image_align\":\"top\",\"image_grid_breakpoint\":\"m\",\"image_grid_width\":\"1-2\",\"image_svg_color\":\"emphasis\",\"item_animation\":true,\"lightbox_bg_close\":true,\"link_style\":\"primary\",\"link_text\":\"Read more\",\"margin\":\"medium\",\"meta_align\":\"below-title\",\"meta_element\":\"div\",\"meta_style\":\"text-meta\",\"panel_padding\":\"small\",\"panel_style\":\"card-default\",\"show_content\":true,\"show_hover_image\":true,\"show_hover_video\":true,\"show_image\":true,\"show_link\":true,\"show_meta\":true,\"show_title\":true,\"show_video\":true,\"title_align\":\"top\",\"title_color\":\"emphasis\",\"title_element\":\"h3\",\"title_grid_breakpoint\":\"m\",\"title_grid_width\":\"1-2\",\"title_hover_style\":\"reset\"},\"children\":[{\"type\":\"grid_item\",\"props\":{\"content\":\"\n\n<p>Years of experience in optimising customer communication.<\\\/p>\",\"title\":\"Proven Expertise\"}},{\"type\":\"grid_item\",\"props\":{\"content\":\"\n\n<p>Real-time visibility on document status and delivery.<\\\/p>\",\"title\":\"Advanced Tracking\"}},{\"type\":\"grid_item\",\"props\":{\"content\":\"\n\n<p>Tailored workflows to fit unique business needs.<\\\/p>\",\"title\":\"Customisation\"}},{\"type\":\"grid_item\",\"props\":{\"content\":\"\n\n<p>Hosted on Cloud for unmatched performance and security.<\\\/p>\",\"title\":\"Cloud-Powered Reliability\"}},{\"type\":\"grid_item\",\"props\":{\"content\":\"\n\n<p>Access professional assistance whenever needed.<\\\/p>\",\"title\":\"Dedicated Support\"}},{\"type\":\"grid_item\",\"props\":{\"content\":\"\n\n<p><strong>Not sure about our solution?<\\\/strong><\\\/p>\\n\n\n<p>Download our Product Datasheet with detailed description here<\\\/p>\",\"link\":\"#\",\"link_text\":\"Download Qmail Datasheet\",\"panel_style\":\"card-secondary\",\"title\":\"\"}}]}]}]}],\"name\":\"Why Quertum, not others\"},{\"type\":\"section\",\"props\":{\"image_position\":\"center-center\",\"style\":\"default\",\"title_breakpoint\":\"xl\",\"title_position\":\"top-left\",\"title_rotation\":\"left\",\"vertical_align\":\"middle\",\"width\":\"default\"},\"children\":[{\"type\":\"row\",\"children\":[{\"type\":\"column\",\"props\":{\"image_position\":\"center-center\",\"position_sticky_breakpoint\":\"m\"},\"children\":[{\"type\":\"module\",\"props\":{\"menu_image_align\":\"center\",\"menu_image_margin\":true,\"menu_style\":\"default\",\"menu_type\":\"nav\",\"type\":\"builderwidget\",\"widget\":\"builderwidget-3\"}}]}]}],\"name\":\"Latest Posts\"},{\"type\":\"section\",\"props\":{\"image_position\":\"center-center\",\"padding\":\"small\",\"padding_remove_top\":false,\"style\":\"default\",\"title_breakpoint\":\"xl\",\"title_position\":\"top-left\",\"title_rotation\":\"left\",\"vertical_align\":\"middle\",\"width\":\"default\"},\"children\":[{\"type\":\"row\",\"props\":{\"margin_remove_top\":true},\"children\":[{\"type\":\"column\",\"props\":{\"image_position\":\"center-center\",\"padding\":\"large\",\"position_sticky_breakpoint\":\"m\",\"style\":\"card-secondary\"},\"children\":[{\"type\":\"headline\",\"props\":{\"content\":\"REACH OUT TODAY AND START YOUR JOURNEY TO GREATER EFFICIENCY AND GROWTH.\",\"title_decoration\":\"bullet\",\"title_element\":\"div\",\"title_style\":\"heading-small\"}},{\"type\":\"headline\",\"props\":{\"content\":\"Get Started with Qmail Today\",\"margin_remove_top\":true,\"title_color\":\"primary\",\"title_element\":\"h2\"}},{\"type\":\"text\",\"props\":{\"column_breakpoint\":\"m\",\"content\":\"\n\n<p>Transform Your Communication Strategy with Qmail Hybrid Mail.<\\\/p>\\n\n\n<p>Join businesses worldwide benefiting from a smarter, more efficient way to handle communications.<\\\/p>\",\"margin\":\"default\",\"maxwidth\":\"xlarge\"}},{\"type\":\"button\",\"props\":{\"grid_column_gap\":\"small\",\"grid_row_gap\":\"small\",\"margin\":\"default\"},\"children\":[{\"type\":\"button_item\",\"props\":{\"button_style\":\"primary\",\"content\":\"Start today\",\"dialog_layout\":\"modal\",\"dialog_offcanvas_flip\":true,\"icon_align\":\"left\",\"link\":\"#\"}}]}]}]}],\"name\":\"CTA\"}],\"version\":\"4.5.27\"} --><\/p>","protected":false},"excerpt":{"rendered":"<p>Upro\u015b\u0107 komunikacj\u0119 biznesow\u0105 dzi\u0119ki poczcie hybrydowej Qmail P\u0142ynnie zintegruj poczt\u0119 fizyczn\u0105 i cyfrow\u0105, aby zwi\u0119kszy\u0107 wydajno\u015b\u0107, obni\u017cy\u0107 koszty i zwi\u0119kszy\u0107 zaanga\u017cowanie klient\u00f3w. Porozmawiaj z ekspertem Czym jest Qmail? Inteligentniejszy spos\u00f3b komunikacji - poczta hybrydowa dla nowoczesnych firm Qmail to oparte na chmurze rozwi\u0105zanie poczty hybrydowej, kt\u00f3re \u0142\u0105czy fizyczn\u0105 i cyfrow\u0105 komunikacj\u0119 w jedn\u0105 [...]<\/p>","protected":false},"author":1,"featured_media":0,"parent":0,"menu_order":0,"comment_status":"closed","ping_status":"closed","template":"","meta":{"_acf_changed":false,"content-type":"","footnotes":""},"stage":[],"class_list":["post-782","page","type-page","status-publish","hentry"],"acf":[],"yoast_head":"<!-- This site is optimized with the Yoast SEO plugin v27.4 - https:\/\/yoast.com\/product\/yoast-seo-wordpress\/ -->\n<title>Qmail Hybrid Mail - Quertum<\/title>\n<meta name=\"robots\" content=\"index, follow, max-snippet:-1, max-image-preview:large, max-video-preview:-1\" \/>\n<link rel=\"canonical\" href=\"https:\/\/quertum.net\/pl\/qmail-poczta-hybrydowa\/\" \/>\n<meta property=\"og:locale\" content=\"pl_PL\" \/>\n<meta property=\"og:type\" content=\"article\" \/>\n<meta property=\"og:title\" content=\"Qmail Hybrid Mail - Quertum\" \/>\n<meta property=\"og:description\" content=\"Simplify Your Business Communication with Qmail Hybrid Mail Seamlessly integrate Physical and Digital Mailing to enhance efficiency, reduce costs and improve customer engagement. Talk with Expert What is Qmail? A Smarter Way to Connect \u2013 Hybrid Mail for Modern Businesses Qmail is a cloud-based hybrid mail solution that blends physical and digital communication into one [&hellip;]\" \/>\n<meta property=\"og:url\" content=\"https:\/\/quertum.net\/pl\/qmail-poczta-hybrydowa\/\" \/>\n<meta property=\"og:site_name\" content=\"Quertum\" \/>\n<meta property=\"article:modified_time\" content=\"2025-10-20T10:19:02+00:00\" \/>\n<meta property=\"og:image\" content=\"https:\/\/quertum.net\/wp-content\/uploads\/2025\/01\/cropped-q-favicon.png\" \/>\n\t<meta property=\"og:image:width\" content=\"512\" \/>\n\t<meta property=\"og:image:height\" content=\"512\" \/>\n\t<meta property=\"og:image:type\" content=\"image\/png\" \/>\n<meta name=\"twitter:card\" content=\"summary_large_image\" \/>\n<meta name=\"twitter:label1\" content=\"Szacowany czas czytania\" \/>\n\t<meta name=\"twitter:data1\" content=\"1 minuta\" \/>\n<script type=\"application\/ld+json\" class=\"yoast-schema-graph\">{\"@context\":\"https:\\\/\\\/schema.org\",\"@graph\":[{\"@type\":\"WebPage\",\"@id\":\"https:\\\/\\\/quertum.net\\\/qmail-hybrid-mail\\\/\",\"url\":\"https:\\\/\\\/quertum.net\\\/qmail-hybrid-mail\\\/\",\"name\":\"Qmail Hybrid Mail - Quertum\",\"isPartOf\":{\"@id\":\"https:\\\/\\\/quertum.net\\\/#website\"},\"datePublished\":\"2025-02-14T11:02:33+00:00\",\"dateModified\":\"2025-10-20T10:19:02+00:00\",\"breadcrumb\":{\"@id\":\"https:\\\/\\\/quertum.net\\\/qmail-hybrid-mail\\\/#breadcrumb\"},\"inLanguage\":\"pl-PL\",\"potentialAction\":[{\"@type\":\"ReadAction\",\"target\":[\"https:\\\/\\\/quertum.net\\\/qmail-hybrid-mail\\\/\"]}]},{\"@type\":\"BreadcrumbList\",\"@id\":\"https:\\\/\\\/quertum.net\\\/qmail-hybrid-mail\\\/#breadcrumb\",\"itemListElement\":[{\"@type\":\"ListItem\",\"position\":1,\"name\":\"Home\",\"item\":\"https:\\\/\\\/quertum.net\\\/\"},{\"@type\":\"ListItem\",\"position\":2,\"name\":\"Qmail Hybrid Mail\"}]},{\"@type\":\"WebSite\",\"@id\":\"https:\\\/\\\/quertum.net\\\/#website\",\"url\":\"https:\\\/\\\/quertum.net\\\/\",\"name\":\"Quertum | Clear Customer Communication Management\",\"description\":\"\",\"publisher\":{\"@id\":\"https:\\\/\\\/quertum.net\\\/#organization\"},\"alternateName\":\"Quertum Digital Transformation\",\"potentialAction\":[{\"@type\":\"SearchAction\",\"target\":{\"@type\":\"EntryPoint\",\"urlTemplate\":\"https:\\\/\\\/quertum.net\\\/?s={search_term_string}\"},\"query-input\":{\"@type\":\"PropertyValueSpecification\",\"valueRequired\":true,\"valueName\":\"search_term_string\"}}],\"inLanguage\":\"pl-PL\"},{\"@type\":\"Organization\",\"@id\":\"https:\\\/\\\/quertum.net\\\/#organization\",\"name\":\"Quertum\",\"url\":\"https:\\\/\\\/quertum.net\\\/\",\"logo\":{\"@type\":\"ImageObject\",\"inLanguage\":\"pl-PL\",\"@id\":\"https:\\\/\\\/quertum.net\\\/#\\\/schema\\\/logo\\\/image\\\/\",\"url\":\"https:\\\/\\\/quertum.net\\\/wp-content\\\/uploads\\\/2025\\\/01\\\/cropped-q-favicon.png\",\"contentUrl\":\"https:\\\/\\\/quertum.net\\\/wp-content\\\/uploads\\\/2025\\\/01\\\/cropped-q-favicon.png\",\"width\":512,\"height\":512,\"caption\":\"Quertum\"},\"image\":{\"@id\":\"https:\\\/\\\/quertum.net\\\/#\\\/schema\\\/logo\\\/image\\\/\"},\"sameAs\":[\"https:\\\/\\\/www.linkedin.com\\\/company\\\/quertum\"]}]}<\/script>\n<!-- \/ Yoast SEO plugin. -->","yoast_head_json":{"title":"Hybrydowa poczta Qmail - Quertum","robots":{"index":"index","follow":"follow","max-snippet":"max-snippet:-1","max-image-preview":"max-image-preview:large","max-video-preview":"max-video-preview:-1"},"canonical":"https:\/\/quertum.net\/pl\/qmail-poczta-hybrydowa\/","og_locale":"pl_PL","og_type":"article","og_title":"Qmail Hybrid Mail - Quertum","og_description":"Simplify Your Business Communication with Qmail Hybrid Mail Seamlessly integrate Physical and Digital Mailing to enhance efficiency, reduce costs and improve customer engagement. Talk with Expert What is Qmail? A Smarter Way to Connect \u2013 Hybrid Mail for Modern Businesses Qmail is a cloud-based hybrid mail solution that blends physical and digital communication into one [&hellip;]","og_url":"https:\/\/quertum.net\/pl\/qmail-poczta-hybrydowa\/","og_site_name":"Quertum","article_modified_time":"2025-10-20T10:19:02+00:00","og_image":[{"width":512,"height":512,"url":"https:\/\/quertum.net\/wp-content\/uploads\/2025\/01\/cropped-q-favicon.png","type":"image\/png"}],"twitter_card":"summary_large_image","twitter_misc":{"Szacowany czas czytania":"1 minuta"},"schema":{"@context":"https:\/\/schema.org","@graph":[{"@type":"WebPage","@id":"https:\/\/quertum.net\/qmail-hybrid-mail\/","url":"https:\/\/quertum.net\/qmail-hybrid-mail\/","name":"Hybrydowa poczta Qmail - Quertum","isPartOf":{"@id":"https:\/\/quertum.net\/#website"},"datePublished":"2025-02-14T11:02:33+00:00","dateModified":"2025-10-20T10:19:02+00:00","breadcrumb":{"@id":"https:\/\/quertum.net\/qmail-hybrid-mail\/#breadcrumb"},"inLanguage":"pl-PL","potentialAction":[{"@type":"ReadAction","target":["https:\/\/quertum.net\/qmail-hybrid-mail\/"]}]},{"@type":"BreadcrumbList","@id":"https:\/\/quertum.net\/qmail-hybrid-mail\/#breadcrumb","itemListElement":[{"@type":"ListItem","position":1,"name":"Home","item":"https:\/\/quertum.net\/"},{"@type":"ListItem","position":2,"name":"Qmail Hybrid Mail"}]},{"@type":"WebSite","@id":"https:\/\/quertum.net\/#website","url":"https:\/\/quertum.net\/","name":"Quertum | Przejrzyste zarz\u0105dzanie komunikacj\u0105 z klientem","description":"","publisher":{"@id":"https:\/\/quertum.net\/#organization"},"alternateName":"Quertum Digital Transformation","potentialAction":[{"@type":"SearchAction","target":{"@type":"EntryPoint","urlTemplate":"https:\/\/quertum.net\/?s={search_term_string}"},"query-input":{"@type":"PropertyValueSpecification","valueRequired":true,"valueName":"search_term_string"}}],"inLanguage":"pl-PL"},{"@type":"Organization","@id":"https:\/\/quertum.net\/#organization","name":"Quertum","url":"https:\/\/quertum.net\/","logo":{"@type":"ImageObject","inLanguage":"pl-PL","@id":"https:\/\/quertum.net\/#\/schema\/logo\/image\/","url":"https:\/\/quertum.net\/wp-content\/uploads\/2025\/01\/cropped-q-favicon.png","contentUrl":"https:\/\/quertum.net\/wp-content\/uploads\/2025\/01\/cropped-q-favicon.png","width":512,"height":512,"caption":"Quertum"},"image":{"@id":"https:\/\/quertum.net\/#\/schema\/logo\/image\/"},"sameAs":["https:\/\/www.linkedin.com\/company\/quertum"]}]}},"_links":{"self":[{"href":"https:\/\/quertum.net\/pl\/wp-json\/wp\/v2\/pages\/782","targetHints":{"allow":["GET"]}}],"collection":[{"href":"https:\/\/quertum.net\/pl\/wp-json\/wp\/v2\/pages"}],"about":[{"href":"https:\/\/quertum.net\/pl\/wp-json\/wp\/v2\/types\/page"}],"author":[{"embeddable":true,"href":"https:\/\/quertum.net\/pl\/wp-json\/wp\/v2\/users\/1"}],"replies":[{"embeddable":true,"href":"https:\/\/quertum.net\/pl\/wp-json\/wp\/v2\/comments?post=782"}],"version-history":[{"count":43,"href":"https:\/\/quertum.net\/pl\/wp-json\/wp\/v2\/pages\/782\/revisions"}],"predecessor-version":[{"id":2181,"href":"https:\/\/quertum.net\/pl\/wp-json\/wp\/v2\/pages\/782\/revisions\/2181"}],"wp:attachment":[{"href":"https:\/\/quertum.net\/pl\/wp-json\/wp\/v2\/media?parent=782"}],"wp:term":[{"taxonomy":"stage","embeddable":true,"href":"https:\/\/quertum.net\/pl\/wp-json\/wp\/v2\/stage?post=782"}],"curies":[{"name":"wp","href":"https:\/\/api.w.org\/{rel}","templated":true}]}}