{"id":1193,"date":"2025-02-20T09:55:39","date_gmt":"2025-02-20T09:55:39","guid":{"rendered":"https:\/\/mrbanana.pax5.eu\/z040-quertum\/?page_id=1193"},"modified":"2025-02-20T10:14:15","modified_gmt":"2025-02-20T10:14:15","slug":"gdpr-2","status":"publish","type":"page","link":"https:\/\/quertum.net\/pl\/gdpr-2\/","title":{"rendered":"RODO"},"content":{"rendered":"<h1>O\u015bwiadczenie o gotowo\u015bci i zgodno\u015bci z RODO Joisto Group i Joisto Quertum<\/h1>\n<div>\n<ol>\n<li>Zar\u00f3wno Joisto Group, jak i Joisto Quertum (zwane dalej \"JG i JQ\") dzia\u0142aj\u0105 w bran\u017cy, w kt\u00f3rej dost\u0119p do danych osobowych i ich przetwarzanie s\u0105 niezb\u0119dne do \u015bwiadczenia okre\u015blonych us\u0142ug. JG i JQ bardzo powa\u017cnie podchodz\u0105 do odpowiedniego przetwarzania danych osobowych.<\/li>\n<li>Obie firmy wyznaczy\u0142y inspektora ochrony danych (DPO).<\/li>\n<li>W ramach Zintegrowanego Systemu Zarz\u0105dzania (IMS) opracowano zestaw dokumentacji zwi\u0105zanej z ochron\u0105 danych, w tym polityk\u0119 prywatno\u015bci, instrukcje i szablony zapis\u00f3w dzia\u0142a\u0144 zwi\u0105zanych z przetwarzaniem danych i ocen.<\/li>\n<li>W ramach procesu zarz\u0105dzania ryzykiem przeprowadzono i odpowiednio udokumentowano Oceny Skutk\u00f3w dla Ochrony Danych (DPIA) oraz Oceny Skutk\u00f3w dla Prywatno\u015bci (PIA) dla produkt\u00f3w i us\u0142ug. Ze wzgl\u0119du na ograniczony zakres przetwarzania danych osobowych (g\u0142\u00f3wnie jako podmioty przetwarzaj\u0105ce) nie wyst\u0119puj\u0105 negatywne zagro\u017cenia dla prywatno\u015bci os\u00f3b.<\/li>\n<li>\u015arodki techniczne i organizacyjne (TOM) zosta\u0142y zdefiniowane, wdro\u017cone i potwierdzone certyfikatem ISO27001:2022 zar\u00f3wno dla JG, jak i JQ.<\/li>\n<li>W celu utrzymania oferowanych przez nas us\u0142ug zastosowano kilka aspekt\u00f3w prywatno\u015bci w fazie projektowania i prywatno\u015bci domy\u015blnej.<\/li>\n<li>Aktywnie organizowane s\u0105 szkolenia zwi\u0105zane z ochron\u0105 danych - podstawowe w ramach procesu wprowadzaj\u0105cego oraz zaawansowane dla pracownik\u00f3w zaanga\u017cowanych w przetwarzanie danych.<\/li>\n<li>JG i JQ utworzy\u0142y w\u0142asny zesp\u00f3\u0142 reagowania na incydenty bezpiecze\u0144stwa (SIRT) i centrum operacji bezpiecze\u0144stwa (SOC) w celu skuteczniejszego radzenia sobie z wszelkimi incydentami bezpiecze\u0144stwa, w tym naruszeniami danych.<\/li>\n<li>Prowadzone s\u0105 rejestry czynno\u015bci przetwarzania (ROPA), w tym przetwarzania danych przez podwykonawc\u00f3w.<\/li>\n<li>Szczeg\u00f3\u0142owe instrukcje dotycz\u0105ce przetwarzania danych osobowych s\u0105 okre\u015blone w umowach o ochronie danych (DPA).<\/li>\n<\/ol>\n<p>W przypadku jakichkolwiek w\u0105tpliwo\u015bci zwi\u0105zanych z danymi, incydent\u00f3w lub w przypadku konieczno\u015bci uzyskania dalszych informacji - prosimy o kontakt z Miros\u0142awem B\u0142aszczakiem, naszym inspektorem ochrony danych (IOD) pod adresem <a href=\"mailto:dpo@joisto.com\">dpo@joisto.com <\/a><\/p>\n<\/div>\n<div>\n<div>\n<table width=\"100%\" cellpadding=\"7\" cellspacing=\"0\" class=\"uk-table uk-table-striped\">\n<colgroup>\n<col width=\"52*\" \/>\n<col width=\"42*\" \/>\n<col width=\"162*\" \/> <\/colgroup>\n<tbody>\n<tr>\n<td colspan=\"3\" width=\"100%\" height=\"48\" valign=\"top\">\n<p lang=\"en-GB\" align=\"center\">Tabela podsumowuj\u0105ca kontrol\u0119 wersji<\/p>\n<\/td>\n<\/tr>\n<tr valign=\"top\">\n<td width=\"20%\" height=\"33\">\n<p lang=\"en-GB\" align=\"center\">Numer wersji<\/p>\n<\/td>\n<td width=\"17%\">\n<p lang=\"en-GB\" align=\"center\">Wersja Data<\/p>\n<\/td>\n<td width=\"63%\">\n<p lang=\"en-GB\" align=\"center\">Opis zmiany + imi\u0119 i nazwisko osoby dokonuj\u0105cej zmiany<\/p>\n<\/td>\n<\/tr>\n<tr valign=\"top\">\n<td width=\"20%\" height=\"27\">\n<p lang=\"en-GB\" align=\"center\">1<\/p>\n<\/td>\n<td width=\"17%\">\n<p lang=\"en-GB\" align=\"center\">14 lutego 2025 r.<\/p>\n<\/td>\n<td width=\"63%\">\n<p lang=\"en-GB\" align=\"left\">Nowy dokument. ZJ<\/p>\n<\/td>\n<\/tr>\n<\/tbody>\n<\/table>\n<\/div>\n<\/div>\n<p><!--more--><br \/>\n<!-- {\"type\":\"layout\",\"children\":[{\"type\":\"section\",\"props\":{\"image_position\":\"center-center\",\"style\":\"default\",\"title_breakpoint\":\"xl\",\"title_position\":\"top-left\",\"title_rotation\":\"left\",\"vertical_align\":\"middle\",\"width\":\"default\"},\"children\":[{\"type\":\"row\",\"children\":[{\"type\":\"column\",\"props\":{\"image_position\":\"center-center\",\"position_sticky_breakpoint\":\"m\"},\"children\":[{\"type\":\"headline\",\"props\":{\"content\":\"Joisto Group and Joisto Quertum GDPR readiness and compliance statement\",\"maxwidth\":\"2xlarge\",\"title_element\":\"h1\"}},{\"type\":\"text\",\"props\":{\"column_breakpoint\":\"m\",\"content\":\"\n\n<ol>\\n\n\n<li>Both Joisto Group and Joisto Quertum (hereinafter \\u201cJG and JQ\\u201d) operate in an industry in which access and processing of personal data is essential to perform the defined services. JG and JQ take the appropriate processing of personal data very seriously.<\\\/li>\\n\n\n<li>Both companies have nominated a Data Protection Officer (DPO).<\\\/li>\\n\n\n<li>As a part of the Integrated Management System (IMS) a data protection related set of documentation has been developed including privacy policy, instructions and templates for records of data processing activities and assessments.<\\\/li>\\n\n\n<li>As a part of the risk management process, Data Protection Impact Assessments (DPIA) and Privacy Impact Assessment (PIA) for products and services were performed and documented accordingly. Due to the limited scope of personal data processing (mainly as Processors) there are no adverse threats for the privacy of persons.<\\\/li>\\n\n\n<li>Technical and organisational measures (TOM) were defined, implemented, and have been confirmed by ISO27001:2022 Certification for both JG and JQ.<\\\/li>\\n\n\n<li>Several aspects of privacy by design and privacy by default were applied in order to maintain the services we offer.<\\\/li>\\n\n\n<li>Training related to data protection is actively being arranged \\u2013 a basic one as part of the induction process and an advanced one for employees who are involved in data processing.<\\\/li>\\n\n\n<li>JG and JQ have established their own Security Incident Response Team (SIRT) and Security Operation Center (SOC) for handling any security incidents, including data breaches more effectively.<\\\/li>\\n\n\n<li>Records of Processing Activities (ROPA) are maintained, including the processing of sub-contractors.<\\\/li>\\n\n\n<li>Detailed instructions regarding personal data processing are specified in Data Protection Agreements (DPA).<\\\/li>\\n<\\\/ol>\\n\n\n<p>In the case of any data related concerns, incidents or should further information be required \\u2013 please contact Miroslaw Blaszczak, our Data Protection Officer (DPO) at <a href=\\\"mailto:dpo@joisto.com\\\">dpo@joisto.com <\\\/a><\\\/p>\",\"margin\":\"default\"}},{\"type\":\"text\",\"props\":{\"column_breakpoint\":\"m\",\"content\":\"\n\n<div>\\n\n\n<table width=\\\"100%\\\" cellpadding=\\\"7\\\" cellspacing=\\\"0\\\" class=\\\"uk-table uk-table-striped\\\">\n\n<colgroup>\n\n<col width=\\\"52*\\\" \\\/> \n\n<col width=\\\"42*\\\" \\\/> \n\n<col width=\\\"162*\\\" \\\/> <\\\/colgroup>\\n\n\n<tbody>\\n\n\n<tr>\\n\n\n<td colspan=\\\"3\\\" width=\\\"100%\\\" height=\\\"48\\\" valign=\\\"top\\\">\\n\n\n<p lang=\\\"en-GB\\\" align=\\\"center\\\">Version Control Summary Table<\\\/p>\\n<\\\/td>\\n<\\\/tr>\\n\n\n<tr valign=\\\"top\\\">\\n\n\n<td width=\\\"20%\\\" height=\\\"33\\\">\\n\n\n<p lang=\\\"en-GB\\\" align=\\\"center\\\">Version Number<\\\/p>\\n<\\\/td>\\n\n\n<td width=\\\"17%\\\">\\n\n\n<p lang=\\\"en-GB\\\" align=\\\"center\\\">Version Date<\\\/p>\\n<\\\/td>\\n\n\n<td width=\\\"63%\\\">\\n\n\n<p lang=\\\"en-GB\\\" align=\\\"center\\\">Description of Change + Name of Person making change<\\\/p>\\n<\\\/td>\\n<\\\/tr>\\n\n\n<tr valign=\\\"top\\\">\\n\n\n<td width=\\\"20%\\\" height=\\\"27\\\">\\n\n\n<p lang=\\\"en-GB\\\" align=\\\"center\\\">1<\\\/p>\\n<\\\/td>\\n\n\n<td width=\\\"17%\\\">\\n\n\n<p lang=\\\"en-GB\\\" align=\\\"center\\\">14 February 2025<\\\/p>\\n<\\\/td>\\n\n\n<td width=\\\"63%\\\">\\n\n\n<p lang=\\\"en-GB\\\" align=\\\"left\\\">New document. ZJ<\\\/p>\\n<\\\/td>\\n<\\\/tr>\\n<\\\/tbody>\\n<\\\/table>\\n<\\\/div>\",\"margin\":\"default\"}}]}]}]}],\"version\":\"4.5.4\"} --><\/p>","protected":false},"excerpt":{"rendered":"<p>Zar\u00f3wno Joisto Group, jak i Joisto Quertum (zwane dalej \"JG i JQ\") dzia\u0142aj\u0105 w bran\u017cy, w kt\u00f3rej dost\u0119p do danych osobowych i ich przetwarzanie s\u0105 niezb\u0119dne do \u015bwiadczenia okre\u015blonych us\u0142ug. JG i JQ bardzo powa\u017cnie podchodz\u0105 do odpowiedniego przetwarzania danych osobowych. Obie sp\u00f3\u0142ki wyznaczy\u0142y [...]<\/p>","protected":false},"author":1,"featured_media":0,"parent":0,"menu_order":0,"comment_status":"closed","ping_status":"closed","template":"","meta":{"_acf_changed":false,"content-type":"","footnotes":""},"stage":[],"class_list":["post-1193","page","type-page","status-publish","hentry"],"acf":[],"yoast_head":"<!-- This site is optimized with the Yoast SEO plugin v27.4 - https:\/\/yoast.com\/product\/yoast-seo-wordpress\/ -->\n<title>GDPR - Quertum<\/title>\n<meta name=\"robots\" content=\"index, follow, max-snippet:-1, max-image-preview:large, max-video-preview:-1\" \/>\n<link rel=\"canonical\" href=\"https:\/\/quertum.net\/pl\/gdpr-2\/\" \/>\n<meta property=\"og:locale\" content=\"pl_PL\" \/>\n<meta property=\"og:type\" content=\"article\" \/>\n<meta property=\"og:title\" content=\"GDPR - Quertum\" \/>\n<meta property=\"og:description\" content=\"Joisto Group and Joisto Quertum GDPR readiness and compliance statement Both Joisto Group and Joisto Quertum (hereinafter \u201cJG and JQ\u201d) operate in an industry in which access and processing of personal data is essential to perform the defined services. JG and JQ take the appropriate processing of personal data very seriously. Both companies have nominated [&hellip;]\" \/>\n<meta property=\"og:url\" content=\"https:\/\/quertum.net\/pl\/gdpr-2\/\" \/>\n<meta property=\"og:site_name\" content=\"Quertum\" \/>\n<meta property=\"article:modified_time\" content=\"2025-02-20T10:14:15+00:00\" \/>\n<meta property=\"og:image\" content=\"https:\/\/quertum.net\/wp-content\/uploads\/2025\/01\/cropped-q-favicon.png\" \/>\n\t<meta property=\"og:image:width\" content=\"512\" \/>\n\t<meta property=\"og:image:height\" content=\"512\" \/>\n\t<meta property=\"og:image:type\" content=\"image\/png\" \/>\n<meta name=\"twitter:card\" content=\"summary_large_image\" \/>\n<meta name=\"twitter:label1\" content=\"Szacowany czas czytania\" \/>\n\t<meta name=\"twitter:data1\" content=\"2 minuty\" \/>\n<script type=\"application\/ld+json\" class=\"yoast-schema-graph\">{\"@context\":\"https:\\\/\\\/schema.org\",\"@graph\":[{\"@type\":\"WebPage\",\"@id\":\"https:\\\/\\\/quertum.net\\\/gdpr-2\\\/\",\"url\":\"https:\\\/\\\/quertum.net\\\/gdpr-2\\\/\",\"name\":\"GDPR - Quertum\",\"isPartOf\":{\"@id\":\"https:\\\/\\\/quertum.net\\\/#website\"},\"datePublished\":\"2025-02-20T09:55:39+00:00\",\"dateModified\":\"2025-02-20T10:14:15+00:00\",\"breadcrumb\":{\"@id\":\"https:\\\/\\\/quertum.net\\\/gdpr-2\\\/#breadcrumb\"},\"inLanguage\":\"pl-PL\",\"potentialAction\":[{\"@type\":\"ReadAction\",\"target\":[\"https:\\\/\\\/quertum.net\\\/gdpr-2\\\/\"]}]},{\"@type\":\"BreadcrumbList\",\"@id\":\"https:\\\/\\\/quertum.net\\\/gdpr-2\\\/#breadcrumb\",\"itemListElement\":[{\"@type\":\"ListItem\",\"position\":1,\"name\":\"Home\",\"item\":\"https:\\\/\\\/quertum.net\\\/\"},{\"@type\":\"ListItem\",\"position\":2,\"name\":\"GDPR\"}]},{\"@type\":\"WebSite\",\"@id\":\"https:\\\/\\\/quertum.net\\\/#website\",\"url\":\"https:\\\/\\\/quertum.net\\\/\",\"name\":\"Quertum | Clear Customer Communication Management\",\"description\":\"\",\"publisher\":{\"@id\":\"https:\\\/\\\/quertum.net\\\/#organization\"},\"alternateName\":\"Quertum Digital Transformation\",\"potentialAction\":[{\"@type\":\"SearchAction\",\"target\":{\"@type\":\"EntryPoint\",\"urlTemplate\":\"https:\\\/\\\/quertum.net\\\/?s={search_term_string}\"},\"query-input\":{\"@type\":\"PropertyValueSpecification\",\"valueRequired\":true,\"valueName\":\"search_term_string\"}}],\"inLanguage\":\"pl-PL\"},{\"@type\":\"Organization\",\"@id\":\"https:\\\/\\\/quertum.net\\\/#organization\",\"name\":\"Quertum\",\"url\":\"https:\\\/\\\/quertum.net\\\/\",\"logo\":{\"@type\":\"ImageObject\",\"inLanguage\":\"pl-PL\",\"@id\":\"https:\\\/\\\/quertum.net\\\/#\\\/schema\\\/logo\\\/image\\\/\",\"url\":\"https:\\\/\\\/quertum.net\\\/wp-content\\\/uploads\\\/2025\\\/01\\\/cropped-q-favicon.png\",\"contentUrl\":\"https:\\\/\\\/quertum.net\\\/wp-content\\\/uploads\\\/2025\\\/01\\\/cropped-q-favicon.png\",\"width\":512,\"height\":512,\"caption\":\"Quertum\"},\"image\":{\"@id\":\"https:\\\/\\\/quertum.net\\\/#\\\/schema\\\/logo\\\/image\\\/\"},\"sameAs\":[\"https:\\\/\\\/www.linkedin.com\\\/company\\\/quertum\"]}]}<\/script>\n<!-- \/ Yoast SEO plugin. -->","yoast_head_json":{"title":"RODO - Quertum","robots":{"index":"index","follow":"follow","max-snippet":"max-snippet:-1","max-image-preview":"max-image-preview:large","max-video-preview":"max-video-preview:-1"},"canonical":"https:\/\/quertum.net\/pl\/gdpr-2\/","og_locale":"pl_PL","og_type":"article","og_title":"GDPR - Quertum","og_description":"Joisto Group and Joisto Quertum GDPR readiness and compliance statement Both Joisto Group and Joisto Quertum (hereinafter \u201cJG and JQ\u201d) operate in an industry in which access and processing of personal data is essential to perform the defined services. JG and JQ take the appropriate processing of personal data very seriously. Both companies have nominated [&hellip;]","og_url":"https:\/\/quertum.net\/pl\/gdpr-2\/","og_site_name":"Quertum","article_modified_time":"2025-02-20T10:14:15+00:00","og_image":[{"width":512,"height":512,"url":"https:\/\/quertum.net\/wp-content\/uploads\/2025\/01\/cropped-q-favicon.png","type":"image\/png"}],"twitter_card":"summary_large_image","twitter_misc":{"Szacowany czas czytania":"2 minuty"},"schema":{"@context":"https:\/\/schema.org","@graph":[{"@type":"WebPage","@id":"https:\/\/quertum.net\/gdpr-2\/","url":"https:\/\/quertum.net\/gdpr-2\/","name":"RODO - Quertum","isPartOf":{"@id":"https:\/\/quertum.net\/#website"},"datePublished":"2025-02-20T09:55:39+00:00","dateModified":"2025-02-20T10:14:15+00:00","breadcrumb":{"@id":"https:\/\/quertum.net\/gdpr-2\/#breadcrumb"},"inLanguage":"pl-PL","potentialAction":[{"@type":"ReadAction","target":["https:\/\/quertum.net\/gdpr-2\/"]}]},{"@type":"BreadcrumbList","@id":"https:\/\/quertum.net\/gdpr-2\/#breadcrumb","itemListElement":[{"@type":"ListItem","position":1,"name":"Home","item":"https:\/\/quertum.net\/"},{"@type":"ListItem","position":2,"name":"GDPR"}]},{"@type":"WebSite","@id":"https:\/\/quertum.net\/#website","url":"https:\/\/quertum.net\/","name":"Quertum | Przejrzyste zarz\u0105dzanie komunikacj\u0105 z klientem","description":"","publisher":{"@id":"https:\/\/quertum.net\/#organization"},"alternateName":"Quertum Digital Transformation","potentialAction":[{"@type":"SearchAction","target":{"@type":"EntryPoint","urlTemplate":"https:\/\/quertum.net\/?s={search_term_string}"},"query-input":{"@type":"PropertyValueSpecification","valueRequired":true,"valueName":"search_term_string"}}],"inLanguage":"pl-PL"},{"@type":"Organization","@id":"https:\/\/quertum.net\/#organization","name":"Quertum","url":"https:\/\/quertum.net\/","logo":{"@type":"ImageObject","inLanguage":"pl-PL","@id":"https:\/\/quertum.net\/#\/schema\/logo\/image\/","url":"https:\/\/quertum.net\/wp-content\/uploads\/2025\/01\/cropped-q-favicon.png","contentUrl":"https:\/\/quertum.net\/wp-content\/uploads\/2025\/01\/cropped-q-favicon.png","width":512,"height":512,"caption":"Quertum"},"image":{"@id":"https:\/\/quertum.net\/#\/schema\/logo\/image\/"},"sameAs":["https:\/\/www.linkedin.com\/company\/quertum"]}]}},"_links":{"self":[{"href":"https:\/\/quertum.net\/pl\/wp-json\/wp\/v2\/pages\/1193","targetHints":{"allow":["GET"]}}],"collection":[{"href":"https:\/\/quertum.net\/pl\/wp-json\/wp\/v2\/pages"}],"about":[{"href":"https:\/\/quertum.net\/pl\/wp-json\/wp\/v2\/types\/page"}],"author":[{"embeddable":true,"href":"https:\/\/quertum.net\/pl\/wp-json\/wp\/v2\/users\/1"}],"replies":[{"embeddable":true,"href":"https:\/\/quertum.net\/pl\/wp-json\/wp\/v2\/comments?post=1193"}],"version-history":[{"count":5,"href":"https:\/\/quertum.net\/pl\/wp-json\/wp\/v2\/pages\/1193\/revisions"}],"predecessor-version":[{"id":1198,"href":"https:\/\/quertum.net\/pl\/wp-json\/wp\/v2\/pages\/1193\/revisions\/1198"}],"wp:attachment":[{"href":"https:\/\/quertum.net\/pl\/wp-json\/wp\/v2\/media?parent=1193"}],"wp:term":[{"taxonomy":"stage","embeddable":true,"href":"https:\/\/quertum.net\/pl\/wp-json\/wp\/v2\/stage?post=1193"}],"curies":[{"name":"wp","href":"https:\/\/api.w.org\/{rel}","templated":true}]}}